{"id":889,"date":"2025-03-30T13:36:11","date_gmt":"2025-03-30T11:36:11","guid":{"rendered":"https:\/\/www.eismon.cz\/?page_id=889"},"modified":"2025-03-30T15:38:08","modified_gmt":"2025-03-30T13:38:08","slug":"reference","status":"publish","type":"page","link":"https:\/\/www.eismon.cz\/?page_id=889","title":{"rendered":"Reference"},"content":{"rendered":"\n<p><\/p>\n\n\n\n<h2 class=\"wp-block-heading\" style=\"border-style:none;border-width:0px;font-size:31px\">Napsali o n\u00e1s .....<\/h2>\n\n\n\n<div class=\"wp-block-media-text is-stacked-on-mobile has-small-font-size\" style=\"margin-top:0;margin-right:0;margin-bottom:0;margin-left:0;padding-top:0;padding-right:var(--wp--preset--spacing--20);padding-bottom:0;padding-left:var(--wp--preset--spacing--20);grid-template-columns:15% auto\"><figure class=\"wp-block-media-text__media\"><a href=\"http:\/\/www.velkyborek.cz\" target=\"_blank\" rel=\" noreferrer noopener\"><img loading=\"lazy\" decoding=\"async\" width=\"440\" height=\"478\" src=\"https:\/\/www.eismon.cz\/wp-content\/uploads\/2025\/03\/obec-Velky-Borek.jpg\" alt=\"\" class=\"wp-image-891 size-full\" srcset=\"https:\/\/www.eismon.cz\/wp-content\/uploads\/2025\/03\/obec-Velky-Borek.jpg 440w, https:\/\/www.eismon.cz\/wp-content\/uploads\/2025\/03\/obec-Velky-Borek-276x300.jpg 276w, https:\/\/www.eismon.cz\/wp-content\/uploads\/2025\/03\/obec-Velky-Borek-138x150.jpg 138w\" sizes=\"auto, (max-width: 440px) 100vw, 440px\" \/><\/a><\/figure><div class=\"wp-block-media-text__content\">\n<p class=\"has-medium-font-size\">Z webov\u00fdch str\u00e1nek obce Velk\u00fd Borek<\/p>\n\n\n\n<p>Na\u0161e obec za\u010dala vyu\u017e\u00edvat syst\u00e9m EISMon od firmy Elektro IdealStav s.r.o. z M\u011bln\u00edka, kter\u00fd je ur\u010den pro vzd\u00e1len\u00fd dohled a ovl\u00e1d\u00e1n\u00ed ve\u0159ejn\u00e9ho osv\u011btlen\u00ed. Syst\u00e9m zaji\u0161\u0165uje nep\u0159etr\u017eitou kontrolu v\u0161ech kl\u00ed\u010dov\u00fdch \u010d\u00e1st\u00ed ve\u0159ejn\u00e9ho osv\u011btlen\u00ed v\u010detn\u011b detekce mimo\u0159\u00e1dn\u00fdch ud\u00e1lost\u00ed. K t\u011bm lze za\u0159adit jak v\u00fdpadky jednotliv\u00fdch lamp, tak i neo\u010dek\u00e1vanou spot\u0159ebu, kter\u00e1 m\u016f\u017ee signalizovat poruchu nebo \u010dern\u00fd odb\u011br. V\u010dasn\u00e9 informov\u00e1n\u00ed servisn\u00ed firmy umo\u017en\u00ed proveden\u00ed opravy d\u0159\u00edve, ne\u017e si nefunk\u010dnosti v\u0161imnou samotn\u00ed ob\u010dan\u00e9. Ne v\u0161echny poruchy se toti\u017e projev\u00ed vadnou lampou. Krom\u011b monitorov\u00e1n\u00ed \u010dinnosti ve\u0159ejn\u00e9ho osv\u011btlen\u00ed je syst\u00e9m zodpov\u011bdn\u00fd i za jeho sp\u00edn\u00e1n\u00ed \u2013 nap\u0159. s ohledem na dobu v\u00fdchodu a z\u00e1padu slunce. Pro servisn\u00ed \u00fakony lze ve\u0159ejn\u00e9 osv\u011btlen\u00ed vzd\u00e1len\u011b zapnout bez nutnosti p\u0159\u00edm\u00e9ho vstupu do uli\u010dn\u00edch rozvad\u011b\u010d\u016f. Datov\u00e1 komunikace se syst\u00e9mem EISMon je \u0161ifrov\u00e1na dle nejnov\u011bj\u0161\u00edch bezpe\u010dnostn\u00edch standard\u016f.<br><br>Publikov\u00e1no 19.3.2025    www.velkyborek.cz<\/p>\n<\/div><\/div>\n","protected":false},"excerpt":{"rendered":"<p>Napsali o n\u00e1s ..... Z webov\u00fdch str\u00e1nek obce Velk\u00fd Borek Na\u0161e obec za\u010dala vyu\u017e\u00edvat syst\u00e9m EISMon od firmy Elektro IdealStav s.r.o. z M\u011bln\u00edka, kter\u00fd je ur\u010den pro vzd\u00e1len\u00fd dohled a ovl\u00e1d\u00e1n\u00ed ve\u0159ejn\u00e9ho osv\u011btlen\u00ed. Syst\u00e9m zaji\u0161\u0165uje nep\u0159etr\u017eitou kontrolu v\u0161ech kl\u00ed\u010dov\u00fdch \u010d\u00e1st\u00ed ve\u0159ejn\u00e9ho osv\u011btlen\u00ed v\u010detn\u011b detekce mimo\u0159\u00e1dn\u00fdch ud\u00e1lost\u00ed. K t\u011bm lze za\u0159adit jak v\u00fdpadky jednotliv\u00fdch lamp, tak...<\/p>\n","protected":false},"author":1,"featured_media":0,"parent":0,"menu_order":0,"comment_status":"closed","ping_status":"closed","template":"","meta":{"_acf_changed":false,"_kadence_starter_templates_imported_post":false,"_kad_post_transparent":"","_kad_post_title":"","_kad_post_layout":"normal","_kad_post_sidebar_id":"","_kad_post_content_style":"boxed","_kad_post_vertical_padding":"show","_kad_post_feature":"","_kad_post_feature_position":"","_kad_post_header":false,"_kad_post_footer":false,"footnotes":""},"class_list":["post-889","page","type-page","status-publish","hentry"],"acf":[],"_links":{"self":[{"href":"https:\/\/www.eismon.cz\/index.php?rest_route=\/wp\/v2\/pages\/889","targetHints":{"allow":["GET"]}}],"collection":[{"href":"https:\/\/www.eismon.cz\/index.php?rest_route=\/wp\/v2\/pages"}],"about":[{"href":"https:\/\/www.eismon.cz\/index.php?rest_route=\/wp\/v2\/types\/page"}],"author":[{"embeddable":true,"href":"https:\/\/www.eismon.cz\/index.php?rest_route=\/wp\/v2\/users\/1"}],"replies":[{"embeddable":true,"href":"https:\/\/www.eismon.cz\/index.php?rest_route=%2Fwp%2Fv2%2Fcomments&post=889"}],"version-history":[{"count":25,"href":"https:\/\/www.eismon.cz\/index.php?rest_route=\/wp\/v2\/pages\/889\/revisions"}],"predecessor-version":[{"id":932,"href":"https:\/\/www.eismon.cz\/index.php?rest_route=\/wp\/v2\/pages\/889\/revisions\/932"}],"wp:attachment":[{"href":"https:\/\/www.eismon.cz\/index.php?rest_route=%2Fwp%2Fv2%2Fmedia&parent=889"}],"curies":[{"name":"wp","href":"https:\/\/api.w.org\/{rel}","templated":true}]}}