{"id":701,"date":"2022-06-06T10:32:12","date_gmt":"2022-06-06T10:32:12","guid":{"rendered":"https:\/\/kadence.pixel-show.com\/cleaning-services\/?page_id=6"},"modified":"2025-03-30T13:45:58","modified_gmt":"2025-03-30T11:45:58","slug":"home","status":"publish","type":"page","link":"https:\/\/www.eismon.cz\/","title":{"rendered":"Home"},"content":{"rendered":"\n<div class=\"wp-block-media-text has-media-on-the-right is-stacked-on-mobile is-vertically-aligned-top\" style=\"grid-template-columns:auto 41%\"><div class=\"wp-block-media-text__content\">\n<h1 class=\"wp-block-heading has-text-align-center has-theme-palette-1-color has-text-color has-link-color wp-elements-c44cb34fc60f7f386d510a9d466e2752\" style=\"font-size:58px\">EISMon<\/h1>\n\n\n\n<p class=\"has-text-align-center\">Syst\u00e9m EISMon je ur\u010den pro vzd\u00e1len\u00fd dohled a ovl\u00e1d\u00e1n\u00ed ve\u0159ejn\u00e9ho osv\u011btlen\u00ed ve m\u011bstech a obc\u00edch. Monitorov\u00e1n\u00ed lze zprovoznit na ji\u017e provozovan\u00e9 nebo na nov\u011b budovan\u00e9 infrastruktu\u0159e. Syst\u00e9m monitoruje provozn\u00ed stav jednotliv\u00fdch rozvad\u011b\u010d\u016f a nevy\u017eaduje instalaci do samotn\u00fdch lamp.<\/p>\n<\/div><figure class=\"wp-block-media-text__media\"><img loading=\"lazy\" decoding=\"async\" width=\"1024\" height=\"982\" src=\"https:\/\/www.eismon.cz\/wp-content\/uploads\/2025\/02\/obr0-1-1024x982.jpg\" alt=\"\" class=\"wp-image-784 size-full\" srcset=\"https:\/\/www.eismon.cz\/wp-content\/uploads\/2025\/02\/obr0-1-1024x982.jpg 1024w, https:\/\/www.eismon.cz\/wp-content\/uploads\/2025\/02\/obr0-1-300x288.jpg 300w, https:\/\/www.eismon.cz\/wp-content\/uploads\/2025\/02\/obr0-1-150x144.jpg 150w, https:\/\/www.eismon.cz\/wp-content\/uploads\/2025\/02\/obr0-1-768x737.jpg 768w, https:\/\/www.eismon.cz\/wp-content\/uploads\/2025\/02\/obr0-1.jpg 1181w\" sizes=\"auto, (max-width: 1024px) 100vw, 1024px\" \/><\/figure><\/div>\n\n\n\n<h2 class=\"wp-block-heading has-theme-palette-1-color has-text-color has-link-color wp-elements-44442f55881fdefb86c9d66804a41d5c\" id=\"prinos\">P\u0159\u00ednos<\/h2>\n\n\n\n<p>EISMon zaji\u0161\u0165uje nep\u0159etr\u017eit\u00fd monitoring re\u00e1ln\u00e9ho stavu soustavy ve\u0159ejn\u00e9ho osv\u011btlen\u00ed v\u010detn\u011b zasl\u00e1n\u00ed notifikac\u00ed p\u0159i zm\u011bn\u00e1ch v jej\u00edm chov\u00e1n\u00ed. Syst\u00e9m je schopn\u00fd detekovat mimo\u0159\u00e1dn\u00e9 ud\u00e1losti spojen\u00e9 s provozem sod\u00edkov\u00fdch i LED lamp. Odpad\u00e1 tak dlouh\u00e1 prodleva mezi nahl\u00e1\u0161en\u00edm a vy\u0159e\u0161en\u00edm poruchy. Nasazen\u00ed syst\u00e9mu EISMon tak z\u00e1sadn\u00edm zp\u016fsobem zvy\u0161uje spolehlivost a bezpe\u010dn\u00fd provoz ve\u0159ejn\u00e9ho osv\u011btlen\u00ed, a tak napom\u00e1h\u00e1 ke zv\u00fd\u0161en\u00ed bezpe\u010dnosti osob a majetku.<br><\/p>\n\n\n<div class=\"wp-block-image\">\n<figure class=\"aligncenter size-large\"><img loading=\"lazy\" decoding=\"async\" width=\"1024\" height=\"726\" src=\"https:\/\/www.eismon.cz\/wp-content\/uploads\/2025\/02\/EISMon_servis_vymena-1024x726.jpg\" alt=\"\" class=\"wp-image-807\" srcset=\"https:\/\/www.eismon.cz\/wp-content\/uploads\/2025\/02\/EISMon_servis_vymena-1024x726.jpg 1024w, https:\/\/www.eismon.cz\/wp-content\/uploads\/2025\/02\/EISMon_servis_vymena-300x213.jpg 300w, https:\/\/www.eismon.cz\/wp-content\/uploads\/2025\/02\/EISMon_servis_vymena-150x106.jpg 150w, https:\/\/www.eismon.cz\/wp-content\/uploads\/2025\/02\/EISMon_servis_vymena-768x545.jpg 768w, https:\/\/www.eismon.cz\/wp-content\/uploads\/2025\/02\/EISMon_servis_vymena-1536x1089.jpg 1536w, https:\/\/www.eismon.cz\/wp-content\/uploads\/2025\/02\/EISMon_servis_vymena-2048x1452.jpg 2048w\" sizes=\"auto, (max-width: 1024px) 100vw, 1024px\" \/><figcaption class=\"wp-element-caption\">Uk\u00e1zka porovn\u00e1n\u00ed spot\u0159eby energie p\u0159ed a po servisu<\/figcaption><\/figure>\n<\/div>\n\n<div class=\"wp-block-image\">\n<figure class=\"aligncenter size-large\"><img loading=\"lazy\" decoding=\"async\" width=\"1024\" height=\"485\" src=\"https:\/\/www.eismon.cz\/wp-content\/uploads\/2025\/02\/EISMon_astrodim-1024x485.jpg\" alt=\"\" class=\"wp-image-809\" srcset=\"https:\/\/www.eismon.cz\/wp-content\/uploads\/2025\/02\/EISMon_astrodim-1024x485.jpg 1024w, https:\/\/www.eismon.cz\/wp-content\/uploads\/2025\/02\/EISMon_astrodim-300x142.jpg 300w, https:\/\/www.eismon.cz\/wp-content\/uploads\/2025\/02\/EISMon_astrodim-150x71.jpg 150w, https:\/\/www.eismon.cz\/wp-content\/uploads\/2025\/02\/EISMon_astrodim-768x364.jpg 768w, https:\/\/www.eismon.cz\/wp-content\/uploads\/2025\/02\/EISMon_astrodim-1536x728.jpg 1536w, https:\/\/www.eismon.cz\/wp-content\/uploads\/2025\/02\/EISMon_astrodim-2048x970.jpg 2048w\" sizes=\"auto, (max-width: 1024px) 100vw, 1024px\" \/><figcaption class=\"wp-element-caption\">Ov\u011b\u0159en\u00ed spr\u00e1vn\u00e9ho nastaven\u00ed funkce astrodim.<\/figcaption><\/figure>\n<\/div>\n\n<div class=\"wp-block-image\">\n<figure class=\"aligncenter size-large\"><img loading=\"lazy\" decoding=\"async\" width=\"1024\" height=\"479\" src=\"https:\/\/www.eismon.cz\/wp-content\/uploads\/2025\/02\/EISMon_porucha_lampy-1024x479.jpg\" alt=\"\" class=\"wp-image-810\" srcset=\"https:\/\/www.eismon.cz\/wp-content\/uploads\/2025\/02\/EISMon_porucha_lampy-1024x479.jpg 1024w, https:\/\/www.eismon.cz\/wp-content\/uploads\/2025\/02\/EISMon_porucha_lampy-300x140.jpg 300w, https:\/\/www.eismon.cz\/wp-content\/uploads\/2025\/02\/EISMon_porucha_lampy-150x70.jpg 150w, https:\/\/www.eismon.cz\/wp-content\/uploads\/2025\/02\/EISMon_porucha_lampy-768x359.jpg 768w, https:\/\/www.eismon.cz\/wp-content\/uploads\/2025\/02\/EISMon_porucha_lampy-1536x719.jpg 1536w, https:\/\/www.eismon.cz\/wp-content\/uploads\/2025\/02\/EISMon_porucha_lampy-2048x958.jpg 2048w\" sizes=\"auto, (max-width: 1024px) 100vw, 1024px\" \/><figcaption class=\"wp-element-caption\">Detekce poruchy vysokotlak\u00e9 sod\u00edkov\u00e9 v\u00fdbojky<\/figcaption><\/figure>\n<\/div>\n\n\n<hr class=\"wp-block-separator has-text-color has-theme-palette-1-color has-alpha-channel-opacity has-theme-palette-1-background-color has-background is-style-wide\"\/>\n\n\n\n<h2 class=\"wp-block-heading has-theme-palette-1-color has-text-color has-link-color wp-elements-6dc04a74702459dfeaf169e2c7f183d3\" id=\"jaktofunguje\">Jak to funguje<\/h2>\n\n\n\n<p>EISMon je slo\u017een ze dvou \u010d\u00e1st\u00ed. Monitorovac\u00ed jednotka je instalov\u00e1na do nap\u00e1jec\u00ed \u010d\u00e1sti rozvad\u011b\u010d\u016f ve\u0159ejn\u00e9ho osv\u011btlen\u00ed. Tato jednotka monitoruje provozn\u00ed stav a umo\u017e\u0148uje jeho vzd\u00e1len\u00e9 ovl\u00e1d\u00e1n\u00ed. V\u0161echny jednotky jsou datov\u011b propojeny s \u0159\u00eddic\u00edm serverem. Ten v pravideln\u00fdch intervalech ukl\u00e1d\u00e1 informace o stavu jednotliv\u00fdch rozvad\u011b\u010d\u016f a zprost\u0159edkov\u00e1v\u00e1 rozhran\u00ed pro komunikaci s u\u017eivatelem. \u0158\u00eddic\u00ed server m\u016f\u017ee b\u00fdt um\u00edst\u011bn v IT z\u00e1zem\u00ed dan\u00e9ho \u00fa\u0159adu nebo lze vyu\u017e\u00edt n\u00e1mi provozovan\u00fd server. P\u0159enos dat mezi monitorovac\u00ed jednotkou a serverem je \u0161ifrov\u00e1n pomoc\u00ed nejnov\u011bj\u0161\u00edch bezpe\u010dnostn\u00edch standard\u016f. Pro komunikaci mezi monitorovac\u00edmi jednotkami a serverem lze vyu\u017e\u00edt celou \u0159adu komunika\u010dn\u00edch technologi\u00ed: mobiln\u00ed technologie LTE\/5G\/NB-IoT, Wi-Fi, Ethernet.<\/p>\n\n\n<div class=\"wp-block-image\">\n<figure class=\"aligncenter size-large\"><img loading=\"lazy\" decoding=\"async\" width=\"1024\" height=\"677\" src=\"https:\/\/www.eismon.cz\/wp-content\/uploads\/2025\/02\/EISMon_schemata-1-1024x677.jpg\" alt=\"\" class=\"wp-image-813\" srcset=\"https:\/\/www.eismon.cz\/wp-content\/uploads\/2025\/02\/EISMon_schemata-1-1024x677.jpg 1024w, https:\/\/www.eismon.cz\/wp-content\/uploads\/2025\/02\/EISMon_schemata-1-300x198.jpg 300w, https:\/\/www.eismon.cz\/wp-content\/uploads\/2025\/02\/EISMon_schemata-1-150x99.jpg 150w, https:\/\/www.eismon.cz\/wp-content\/uploads\/2025\/02\/EISMon_schemata-1-768x508.jpg 768w, https:\/\/www.eismon.cz\/wp-content\/uploads\/2025\/02\/EISMon_schemata-1.jpg 1414w\" sizes=\"auto, (max-width: 1024px) 100vw, 1024px\" \/><figcaption class=\"wp-element-caption\">Syst\u00e9m EISMon se serverem v internetu<\/figcaption><\/figure>\n<\/div>\n\n<div class=\"wp-block-image\">\n<figure class=\"aligncenter size-large\"><img loading=\"lazy\" decoding=\"async\" width=\"1024\" height=\"469\" src=\"https:\/\/www.eismon.cz\/wp-content\/uploads\/2025\/02\/EISMon_schemata1-1-1024x469.jpg\" alt=\"\" class=\"wp-image-812\" srcset=\"https:\/\/www.eismon.cz\/wp-content\/uploads\/2025\/02\/EISMon_schemata1-1-1024x469.jpg 1024w, https:\/\/www.eismon.cz\/wp-content\/uploads\/2025\/02\/EISMon_schemata1-1-300x138.jpg 300w, https:\/\/www.eismon.cz\/wp-content\/uploads\/2025\/02\/EISMon_schemata1-1-150x69.jpg 150w, https:\/\/www.eismon.cz\/wp-content\/uploads\/2025\/02\/EISMon_schemata1-1-768x352.jpg 768w, https:\/\/www.eismon.cz\/wp-content\/uploads\/2025\/02\/EISMon_schemata1-1-1536x704.jpg 1536w, https:\/\/www.eismon.cz\/wp-content\/uploads\/2025\/02\/EISMon_schemata1-1.jpg 2016w\" sizes=\"auto, (max-width: 1024px) 100vw, 1024px\" \/><figcaption class=\"wp-element-caption\">Syst\u00e9m EISMon se serverem v z\u00e1zem\u00ed obce \/ m\u011bsta<\/figcaption><\/figure>\n<\/div>\n\n\n<hr class=\"wp-block-separator has-text-color has-theme-palette-1-color has-alpha-channel-opacity has-theme-palette-1-background-color has-background is-style-wide\"\/>\n\n\n\n<div class=\"wp-block-columns is-layout-flex wp-container-core-columns-is-layout-9d6595d7 wp-block-columns-is-layout-flex\">\n<div class=\"wp-block-column is-vertically-aligned-top is-layout-flow wp-block-column-is-layout-flow\" style=\"flex-basis:33.33%\"><div class=\"wp-block-image is-style-default\">\n<figure class=\"aligncenter size-large is-resized has-custom-border\"><img decoding=\"async\" src=\"http:\/\/www.eismon.cz\/wp-content\/uploads\/2025\/02\/EISlogo-scaled-e1739986536574.jpg\" alt=\"\" style=\"border-style:none;border-width:0px;border-radius:0px;width:193px;height:auto\"\/><\/figure>\n<\/div><\/div>\n\n\n\n<div class=\"wp-block-column is-layout-flow wp-block-column-is-layout-flow\" style=\"flex-basis:66.66%\">\n<p class=\"has-text-align-left has-theme-palette-1-color has-text-color has-link-color has-large-font-size wp-elements-0c9e3778769691edcf2126096b3b0a92\" style=\"font-style:normal;font-weight:500\">Kompletn\u00ed spr\u00e1va ve\u0159ejn\u00e9ho osv\u011btlen\u00ed pro obce<\/p>\n\n\n\n<p class=\"has-text-align-left\">Telefon Tom\u00e1\u0161 \u0160vest\u00e1k&nbsp;<br><a href=\"tel:+420734205225\">+420 734 205 225<\/a> <br><br>Telefon Zden\u011bk Lunzar &nbsp;<br><a href=\"tel:+420721303027\">+420 721 303 027<\/a><\/p>\n<\/div>\n<\/div>\n\n\n\n<hr class=\"wp-block-separator has-text-color has-theme-palette-1-color has-alpha-channel-opacity has-theme-palette-1-background-color has-background is-style-wide\"\/>\n\n\n\n<p><\/p>\n","protected":false},"excerpt":{"rendered":"<p>EISMon Syst\u00e9m EISMon je ur\u010den pro vzd\u00e1len\u00fd dohled a ovl\u00e1d\u00e1n\u00ed ve\u0159ejn\u00e9ho osv\u011btlen\u00ed ve m\u011bstech a obc\u00edch. Monitorov\u00e1n\u00ed lze zprovoznit na ji\u017e provozovan\u00e9 nebo na nov\u011b budovan\u00e9 infrastruktu\u0159e. Syst\u00e9m monitoruje provozn\u00ed stav jednotliv\u00fdch rozvad\u011b\u010d\u016f a nevy\u017eaduje instalaci do samotn\u00fdch lamp. P\u0159\u00ednos EISMon zaji\u0161\u0165uje nep\u0159etr\u017eit\u00fd monitoring re\u00e1ln\u00e9ho stavu soustavy ve\u0159ejn\u00e9ho osv\u011btlen\u00ed v\u010detn\u011b zasl\u00e1n\u00ed notifikac\u00ed p\u0159i zm\u011bn\u00e1ch v...<\/p>\n","protected":false},"author":1,"featured_media":0,"parent":0,"menu_order":0,"comment_status":"closed","ping_status":"closed","template":"","meta":{"_acf_changed":false,"_kadence_starter_templates_imported_post":true,"_kad_post_transparent":"disable","_kad_post_title":"hide","_kad_post_layout":"normal","_kad_post_sidebar_id":"","_kad_post_content_style":"boxed","_kad_post_vertical_padding":"show","_kad_post_feature":"hide","_kad_post_feature_position":"","_kad_post_header":false,"_kad_post_footer":true,"footnotes":""},"class_list":["post-701","page","type-page","status-publish","hentry"],"acf":[],"_links":{"self":[{"href":"https:\/\/www.eismon.cz\/index.php?rest_route=\/wp\/v2\/pages\/701","targetHints":{"allow":["GET"]}}],"collection":[{"href":"https:\/\/www.eismon.cz\/index.php?rest_route=\/wp\/v2\/pages"}],"about":[{"href":"https:\/\/www.eismon.cz\/index.php?rest_route=\/wp\/v2\/types\/page"}],"author":[{"embeddable":true,"href":"https:\/\/www.eismon.cz\/index.php?rest_route=\/wp\/v2\/users\/1"}],"replies":[{"embeddable":true,"href":"https:\/\/www.eismon.cz\/index.php?rest_route=%2Fwp%2Fv2%2Fcomments&post=701"}],"version-history":[{"count":62,"href":"https:\/\/www.eismon.cz\/index.php?rest_route=\/wp\/v2\/pages\/701\/revisions"}],"predecessor-version":[{"id":909,"href":"https:\/\/www.eismon.cz\/index.php?rest_route=\/wp\/v2\/pages\/701\/revisions\/909"}],"wp:attachment":[{"href":"https:\/\/www.eismon.cz\/index.php?rest_route=%2Fwp%2Fv2%2Fmedia&parent=701"}],"curies":[{"name":"wp","href":"https:\/\/api.w.org\/{rel}","templated":true}]}}